{"id":16393,"date":"2019-01-23T08:22:12","date_gmt":"2019-01-23T07:22:12","guid":{"rendered":"https:\/\/www.hotelamiralfondary.com\/galerie-photos-hotel-amiral-fondary\/"},"modified":"2022-10-31T17:43:53","modified_gmt":"2022-10-31T16:43:53","slug":"galeria-photos-hotel-amiral-fondary","status":"publish","type":"page","link":"https:\/\/www.hotelamiralfondary.com\/es\/galeria-photos-hotel-amiral-fondary\/","title":{"rendered":"Galeria"},"content":{"rendered":"<p>[vc_row css_animation=\u00bb\u00bb row_type=\u00bbrow\u00bb use_row_as_full_screen_section=\u00bbno\u00bb type=\u00bbfull_width\u00bb angled_section=\u00bbno\u00bb text_align=\u00bbleft\u00bb background_image_as_pattern=\u00bbwithout_pattern\u00bb css=\u00bb.vc_custom_1548229371452{margin-top: 80px !important;}\u00bb z_index=\u00bb\u00bb][vc_column][vc_gallery type=\u00bbimage_grid\u00bb images=\u00bb15603,16113,15605,15607,15609,15611,15613,15651,15615,15645,15617,15621,16010,15649,15619,15623,15643,15625,16109,16118,15627,15629,15631,15633,15635,15653,15637,15641,15647,15655,16107,16116&#8243; img_size=\u00bb600&#215;600&#8243; column_number=\u00bb4&#8243; grayscale=\u00bbno\u00bb images_space=\u00bbgallery_without_space\u00bb][\/vc_column][\/vc_row]<\/p>\n","protected":false},"excerpt":{"rendered":"<p>[vc_row css_animation=\u00bb\u00bb row_type=\u00bbrow\u00bb use_row_as_full_screen_section=\u00bbno\u00bb type=\u00bbfull_width\u00bb angled_section=\u00bbno\u00bb text_align=\u00bbleft\u00bb background_image_as_pattern=\u00bbwithout_pattern\u00bb css=\u00bb.vc_custom_1548229371452{margin-top: 80px !important;}\u00bb z_index=\u00bb\u00bb][vc_column][vc_gallery type=\u00bbimage_grid\u00bb images=\u00bb15603,16113,15605,15607,15609,15611,15613,15651,15615,15645,15617,15621,16010,15649,15619,15623,15643,15625,16109,16118,15627,15629,15631,15633,15635,15653,15637,15641,15647,15655,16107,16116&#8243; img_size=\u00bb600&#215;600&#8243; column_number=\u00bb4&#8243; grayscale=\u00bbno\u00bb images_space=\u00bbgallery_without_space\u00bb][\/vc_column][\/vc_row]<\/p>\n","protected":false},"author":1,"featured_media":0,"parent":0,"menu_order":0,"comment_status":"open","ping_status":"open","template":"full_width.php","meta":[],"yoast_head":"<!-- This site is optimized with the Yoast SEO plugin v19.9 - https:\/\/yoast.com\/wordpress\/plugins\/seo\/ -->\n<title>Galeria - H\u00f4tel Amiral Fondary<\/title>\n<meta name=\"robots\" content=\"index, follow, max-snippet:-1, max-image-preview:large, max-video-preview:-1\" \/>\n<link rel=\"canonical\" href=\"https:\/\/www.hotelamiralfondary.com\/es\/galeria-photos-hotel-amiral-fondary\/\" \/>\n<meta property=\"og:locale\" content=\"es_ES\" \/>\n<meta property=\"og:type\" content=\"article\" \/>\n<meta property=\"og:title\" content=\"Galeria - H\u00f4tel Amiral Fondary\" \/>\n<meta property=\"og:description\" content=\"[vc_row css_animation=\u00bb\u00bb row_type=\u00bbrow\u00bb use_row_as_full_screen_section=\u00bbno\u00bb type=\u00bbfull_width\u00bb angled_section=\u00bbno\u00bb text_align=\u00bbleft\u00bb background_image_as_pattern=\u00bbwithout_pattern\u00bb css=\u00bb.vc_custom_1548229371452{margin-top: 80px !important;}\u00bb z_index=\u00bb\u00bb][vc_column][vc_gallery type=\u00bbimage_grid\u00bb images=\u00bb15603,16113,15605,15607,15609,15611,15613,15651,15615,15645,15617,15621,16010,15649,15619,15623,15643,15625,16109,16118,15627,15629,15631,15633,15635,15653,15637,15641,15647,15655,16107,16116&#8243; img_size=\u00bb600&#215;600&#8243; column_number=\u00bb4&#8243; grayscale=\u00bbno\u00bb images_space=\u00bbgallery_without_space\u00bb][\/vc_column][\/vc_row]\" \/>\n<meta property=\"og:url\" content=\"https:\/\/www.hotelamiralfondary.com\/es\/galeria-photos-hotel-amiral-fondary\/\" \/>\n<meta property=\"og:site_name\" content=\"H\u00f4tel Amiral Fondary\" \/>\n<meta property=\"article:modified_time\" content=\"2022-10-31T16:43:53+00:00\" \/>\n<meta name=\"twitter:card\" content=\"summary_large_image\" \/>\n<script type=\"application\/ld+json\" class=\"yoast-schema-graph\">{\"@context\":\"https:\/\/schema.org\",\"@graph\":[{\"@type\":\"WebPage\",\"@id\":\"https:\/\/www.hotelamiralfondary.com\/es\/galeria-photos-hotel-amiral-fondary\/\",\"url\":\"https:\/\/www.hotelamiralfondary.com\/es\/galeria-photos-hotel-amiral-fondary\/\",\"name\":\"Galeria - H\u00f4tel Amiral Fondary\",\"isPartOf\":{\"@id\":\"https:\/\/www.hotelamiralfondary.com\/#website\"},\"datePublished\":\"2019-01-23T07:22:12+00:00\",\"dateModified\":\"2022-10-31T16:43:53+00:00\",\"breadcrumb\":{\"@id\":\"https:\/\/www.hotelamiralfondary.com\/es\/galeria-photos-hotel-amiral-fondary\/#breadcrumb\"},\"inLanguage\":\"es\",\"potentialAction\":[{\"@type\":\"ReadAction\",\"target\":[\"https:\/\/www.hotelamiralfondary.com\/es\/galeria-photos-hotel-amiral-fondary\/\"]}]},{\"@type\":\"BreadcrumbList\",\"@id\":\"https:\/\/www.hotelamiralfondary.com\/es\/galeria-photos-hotel-amiral-fondary\/#breadcrumb\",\"itemListElement\":[{\"@type\":\"ListItem\",\"position\":1,\"name\":\"Accueil\",\"item\":\"https:\/\/www.hotelamiralfondary.com\/es\/\"},{\"@type\":\"ListItem\",\"position\":2,\"name\":\"Galeria\"}]},{\"@type\":\"WebSite\",\"@id\":\"https:\/\/www.hotelamiralfondary.com\/#website\",\"url\":\"https:\/\/www.hotelamiralfondary.com\/\",\"name\":\"H\u00f4tel Amiral Fondary\",\"description\":\"H\u00f4tel 3 \u00e9toiles \u00e0 5 minutes de la Tour Eiffel\",\"publisher\":{\"@id\":\"https:\/\/www.hotelamiralfondary.com\/#organization\"},\"potentialAction\":[{\"@type\":\"SearchAction\",\"target\":{\"@type\":\"EntryPoint\",\"urlTemplate\":\"https:\/\/www.hotelamiralfondary.com\/?s={search_term_string}\"},\"query-input\":\"required name=search_term_string\"}],\"inLanguage\":\"es\"},{\"@type\":\"Organization\",\"@id\":\"https:\/\/www.hotelamiralfondary.com\/#organization\",\"name\":\"H\u00f4tel Amiral Fondary\",\"url\":\"https:\/\/www.hotelamiralfondary.com\/\",\"logo\":{\"@type\":\"ImageObject\",\"inLanguage\":\"es\",\"@id\":\"https:\/\/www.hotelamiralfondary.com\/#\/schema\/logo\/image\/\",\"url\":\"https:\/\/www.hotelamiralfondary.com\/wp-content\/uploads\/2019\/02\/logo-hotel-amiral-fondary-paris-15.png\",\"contentUrl\":\"https:\/\/www.hotelamiralfondary.com\/wp-content\/uploads\/2019\/02\/logo-hotel-amiral-fondary-paris-15.png\",\"width\":190,\"height\":70,\"caption\":\"H\u00f4tel Amiral Fondary\"},\"image\":{\"@id\":\"https:\/\/www.hotelamiralfondary.com\/#\/schema\/logo\/image\/\"},\"sameAs\":[\"https:\/\/www.instagram.com\/hotelamiralfondaryparis\/?hl=fr\"]}]}<\/script>\n<!-- \/ Yoast SEO plugin. -->","yoast_head_json":{"title":"Galeria - H\u00f4tel Amiral Fondary","robots":{"index":"index","follow":"follow","max-snippet":"max-snippet:-1","max-image-preview":"max-image-preview:large","max-video-preview":"max-video-preview:-1"},"canonical":"https:\/\/www.hotelamiralfondary.com\/es\/galeria-photos-hotel-amiral-fondary\/","og_locale":"es_ES","og_type":"article","og_title":"Galeria - H\u00f4tel Amiral Fondary","og_description":"[vc_row css_animation=\u00bb\u00bb row_type=\u00bbrow\u00bb use_row_as_full_screen_section=\u00bbno\u00bb type=\u00bbfull_width\u00bb angled_section=\u00bbno\u00bb text_align=\u00bbleft\u00bb background_image_as_pattern=\u00bbwithout_pattern\u00bb css=\u00bb.vc_custom_1548229371452{margin-top: 80px !important;}\u00bb z_index=\u00bb\u00bb][vc_column][vc_gallery type=\u00bbimage_grid\u00bb images=\u00bb15603,16113,15605,15607,15609,15611,15613,15651,15615,15645,15617,15621,16010,15649,15619,15623,15643,15625,16109,16118,15627,15629,15631,15633,15635,15653,15637,15641,15647,15655,16107,16116&#8243; img_size=\u00bb600&#215;600&#8243; column_number=\u00bb4&#8243; grayscale=\u00bbno\u00bb images_space=\u00bbgallery_without_space\u00bb][\/vc_column][\/vc_row]","og_url":"https:\/\/www.hotelamiralfondary.com\/es\/galeria-photos-hotel-amiral-fondary\/","og_site_name":"H\u00f4tel Amiral Fondary","article_modified_time":"2022-10-31T16:43:53+00:00","twitter_card":"summary_large_image","schema":{"@context":"https:\/\/schema.org","@graph":[{"@type":"WebPage","@id":"https:\/\/www.hotelamiralfondary.com\/es\/galeria-photos-hotel-amiral-fondary\/","url":"https:\/\/www.hotelamiralfondary.com\/es\/galeria-photos-hotel-amiral-fondary\/","name":"Galeria - H\u00f4tel Amiral Fondary","isPartOf":{"@id":"https:\/\/www.hotelamiralfondary.com\/#website"},"datePublished":"2019-01-23T07:22:12+00:00","dateModified":"2022-10-31T16:43:53+00:00","breadcrumb":{"@id":"https:\/\/www.hotelamiralfondary.com\/es\/galeria-photos-hotel-amiral-fondary\/#breadcrumb"},"inLanguage":"es","potentialAction":[{"@type":"ReadAction","target":["https:\/\/www.hotelamiralfondary.com\/es\/galeria-photos-hotel-amiral-fondary\/"]}]},{"@type":"BreadcrumbList","@id":"https:\/\/www.hotelamiralfondary.com\/es\/galeria-photos-hotel-amiral-fondary\/#breadcrumb","itemListElement":[{"@type":"ListItem","position":1,"name":"Accueil","item":"https:\/\/www.hotelamiralfondary.com\/es\/"},{"@type":"ListItem","position":2,"name":"Galeria"}]},{"@type":"WebSite","@id":"https:\/\/www.hotelamiralfondary.com\/#website","url":"https:\/\/www.hotelamiralfondary.com\/","name":"H\u00f4tel Amiral Fondary","description":"H\u00f4tel 3 \u00e9toiles \u00e0 5 minutes de la Tour Eiffel","publisher":{"@id":"https:\/\/www.hotelamiralfondary.com\/#organization"},"potentialAction":[{"@type":"SearchAction","target":{"@type":"EntryPoint","urlTemplate":"https:\/\/www.hotelamiralfondary.com\/?s={search_term_string}"},"query-input":"required name=search_term_string"}],"inLanguage":"es"},{"@type":"Organization","@id":"https:\/\/www.hotelamiralfondary.com\/#organization","name":"H\u00f4tel Amiral Fondary","url":"https:\/\/www.hotelamiralfondary.com\/","logo":{"@type":"ImageObject","inLanguage":"es","@id":"https:\/\/www.hotelamiralfondary.com\/#\/schema\/logo\/image\/","url":"https:\/\/www.hotelamiralfondary.com\/wp-content\/uploads\/2019\/02\/logo-hotel-amiral-fondary-paris-15.png","contentUrl":"https:\/\/www.hotelamiralfondary.com\/wp-content\/uploads\/2019\/02\/logo-hotel-amiral-fondary-paris-15.png","width":190,"height":70,"caption":"H\u00f4tel Amiral Fondary"},"image":{"@id":"https:\/\/www.hotelamiralfondary.com\/#\/schema\/logo\/image\/"},"sameAs":["https:\/\/www.instagram.com\/hotelamiralfondaryparis\/?hl=fr"]}]}},"_links":{"self":[{"href":"https:\/\/www.hotelamiralfondary.com\/es\/wp-json\/wp\/v2\/pages\/16393"}],"collection":[{"href":"https:\/\/www.hotelamiralfondary.com\/es\/wp-json\/wp\/v2\/pages"}],"about":[{"href":"https:\/\/www.hotelamiralfondary.com\/es\/wp-json\/wp\/v2\/types\/page"}],"author":[{"embeddable":true,"href":"https:\/\/www.hotelamiralfondary.com\/es\/wp-json\/wp\/v2\/users\/1"}],"replies":[{"embeddable":true,"href":"https:\/\/www.hotelamiralfondary.com\/es\/wp-json\/wp\/v2\/comments?post=16393"}],"version-history":[{"count":1,"href":"https:\/\/www.hotelamiralfondary.com\/es\/wp-json\/wp\/v2\/pages\/16393\/revisions"}],"predecessor-version":[{"id":16408,"href":"https:\/\/www.hotelamiralfondary.com\/es\/wp-json\/wp\/v2\/pages\/16393\/revisions\/16408"}],"wp:attachment":[{"href":"https:\/\/www.hotelamiralfondary.com\/es\/wp-json\/wp\/v2\/media?parent=16393"}],"curies":[{"name":"wp","href":"https:\/\/api.w.org\/{rel}","templated":true}]}}