{"id":16390,"date":"2019-01-23T05:44:06","date_gmt":"2019-01-23T04:44:06","guid":{"rendered":"https:\/\/www.hotelamiralfondary.com\/accueil-2\/"},"modified":"2025-11-10T10:21:19","modified_gmt":"2025-11-10T09:21:19","slug":"accueil-2","status":"publish","type":"page","link":"https:\/\/www.hotelamiralfondary.com\/es\/","title":{"rendered":"Accueil"},"content":{"rendered":"<p>[vc_row css_animation=\u00bb\u00bb row_type=\u00bbrow\u00bb use_row_as_full_screen_section=\u00bbno\u00bb type=\u00bbfull_width\u00bb angled_section=\u00bbno\u00bb text_align=\u00bbleft\u00bb background_image_as_pattern=\u00bbwithout_pattern\u00bb][vc_column][rev_slider_vc alias=\u00bbhome\u00bb][\/vc_column][\/vc_row][vc_row css_animation=\u00bb\u00bb row_type=\u00bbrow\u00bb use_row_as_full_screen_section=\u00bbno\u00bb type=\u00bbgrid\u00bb angled_section=\u00bbno\u00bb text_align=\u00bbleft\u00bb background_image_as_pattern=\u00bbwithout_pattern\u00bb z_index=\u00bb\u00bb css=\u00bb.vc_custom_1548224333758{margin-top: 55px !important;}\u00bb][vc_column css_animation=\u00bbslideInLeft\u00bb width=\u00bb1\/2&#8243;][vc_single_image image=\u00bb15539&#8243; img_size=\u00bbfull\u00bb alignment=\u00bbcenter\u00bb qode_css_animation=\u00bb\u00bb][vc_empty_space height=\u00bb19px\u00bb][vc_raw_html]JTNDZGl2JTIwY2xhc3MlM0QlMjJ0aXRyZSUyMiUzRSUzQ2gyJTNFJTNDc3BhbiUzRUJJRU5WRU5JRE8lMjBBTCUyMEhPVEVMJTIwQU1JUkFMJTIwRk9OREFSWSUzQyUyRnNwYW4lM0UlM0MlMkZoMiUzRSUzQyUyRmRpdiUzRQ==[\/vc_raw_html][vc_empty_space height=\u00bb19px\u00bb][vc_column_text]Situado en pleno centro del distrito 15 de Par\u00eds, el hotel goza de una ubicaci\u00f3n privilegiada: <strong>est\u00e1 a 15 minutos andando de la Torre Eiffel<\/strong>, de los Inv\u00e1lidos, del centro comercial Beaugrenelle (Cines Path\u00e9 con 10 salas, Fnac, numerosos restaurantes\u2026), y a 10 minutos en metro de la estaci\u00f3n Montparnasse \u2026 <strong>La cultura, el ocio y las tiendas est\u00e1n a tan s\u00f3lo dos pasos<\/strong><\/p>\n<p>&nbsp;<\/p>\n<p>El equipo del Amiral Fondary est\u00e1 a vuestro servicio las <strong>24 horas del d\u00eda<\/strong>.<\/p>\n<p>&nbsp;<\/p>\n<p>Cada ma\u00f1ana pueden disfrutar de <strong>nuestro desayuno continental<\/strong>, y si el tiempo lo permite podr\u00e1n\u00a0 hacerlo en nuestro patio.[\/vc_column_text][\/vc_column][vc_column css_animation=\u00bbslideInRight\u00bb width=\u00bb1\/2&#8243;][vc_single_image image=\u00bb15567&#8243; img_size=\u00bbfull\u00bb qode_css_animation=\u00bb\u00bb el_class=\u00bbbordure-img\u00bb][\/vc_column][\/vc_row][vc_row css_animation=\u00bb\u00bb row_type=\u00bbrow\u00bb use_row_as_full_screen_section=\u00bbno\u00bb type=\u00bbfull_width\u00bb angled_section=\u00bbno\u00bb text_align=\u00bbleft\u00bb background_image_as_pattern=\u00bbwithout_pattern\u00bb css=\u00bb.vc_custom_1549435687573{margin-top: 55px !important;padding-top: 200px !important;padding-bottom: 200px !important;background-image: url(http:\/\/www.hotelamiralfondary.com\/wp-content\/uploads\/2019\/01\/paris-beaugrenelle.jpg?id=15572) !important;}\u00bb z_index=\u00bb\u00bb][vc_column][\/vc_column][\/vc_row][vc_row css_animation=\u00bb\u00bb row_type=\u00bbrow\u00bb use_row_as_full_screen_section=\u00bbno\u00bb type=\u00bbgrid\u00bb angled_section=\u00bbno\u00bb text_align=\u00bbcenter\u00bb background_image_as_pattern=\u00bbwithout_pattern\u00bb z_index=\u00bb\u00bb css=\u00bb.vc_custom_1548222969376{padding-top: 76px !important;padding-bottom: 48px !important;}\u00bb][vc_column][vc_single_image image=\u00bb15539&#8243; img_size=\u00bbfull\u00bb alignment=\u00bbcenter\u00bb qode_css_animation=\u00bb\u00bb][vc_empty_space height=\u00bb19px\u00bb][vc_column_text]<\/p>\n<h2 style=\"text-align: center;\">Las habitaciones del Hotel Amiral Fondary<\/h2>\n<p>[\/vc_column_text][\/vc_column][\/vc_row][vc_row css_animation=\u00bb\u00bb row_type=\u00bbrow\u00bb use_row_as_full_screen_section=\u00bbno\u00bb type=\u00bbgrid\u00bb angled_section=\u00bbno\u00bb text_align=\u00bbcenter\u00bb background_image_as_pattern=\u00bbwithout_pattern\u00bb z_index=\u00bb\u00bb css=\u00bb.vc_custom_1520870085389{padding-bottom: 110px !important;}\u00bb][vc_column css_animation=\u00bbslideInUp\u00bb css=\u00bb.vc_custom_1548222376472{padding-right: 10px !important;padding-bottom: 10px !important;padding-left: 10px !important;}\u00bb offset=\u00bbvc_col-md-4&#8243;][qode_elements_holder number_of_columns=\u00bbone_column\u00bb][qode_elements_holder_item background_color=\u00bb#ffffff\u00bb item_padding=\u00bb15px\u00bb advanced_animations=\u00bbno\u00bb custom_class=\u00bbeh-with-shadow\u00bb][vc_raw_html]JTNDZGl2JTIwY2xhc3MlM0QlMjJ0aXRyZSUyMiUzRSUzQ2gyJTNFJTNDc3BhbiUzRUNsYXNpY2ElM0MlMkZzcGFuJTNFJTNDJTJGaDIlM0UlM0MlMkZkaXYlM0U=[\/vc_raw_html][vc_single_image image=\u00bb15554&#8243; img_size=\u00bbfull\u00bb alignment=\u00bbcenter\u00bb qode_css_animation=\u00bb\u00bb][vc_empty_space height=\u00bb37px\u00bb][vc_column_text]<\/p>\n<h3>2 personas<\/h3>\n<p>[\/vc_column_text][vc_separator type=\u00bbsmall\u00bb position=\u00bbcenter\u00bb color=\u00bb#c29a44&#8243; thickness=\u00bb3&#8243; width=\u00bb36&#8243; up=\u00bb15&#8243; down=\u00bb20&#8243;][vc_column_text]<a  itemprop=\"url\" href=\"http:\/\/www.hotelamiralfondary.com\/es\/habitaciones-hotel-amiral-fondary-paris\/\" target=\"_self\" data-hover-background-color=#ffffff data-hover-border-color=#baa878 data-hover-color=#202020 class=\"qbutton  small center default\" style=\"color: #ffffff; border-color: #baa878; background-color: #202020;\">Descubrir<\/a><\/p>\n<p><a  itemprop=\"url\" href=\"https:\/\/www.secure-direct-hotel-booking.com\/module_booking_engine\/index.php?id_etab=85e0477f10bf2c57b525435210807820&amp;langue=espagnol\" target=\"_blank\"  class=\"qbutton  small center default\" style=\"\">RESERVAR<i class=\"qode_icon_font_awesome fa fa-calendar qode_button_icon_element\" style=\"\" ><\/i><\/a>[\/vc_column_text][vc_empty_space height=\u00bb23px\u00bb][\/qode_elements_holder_item][\/qode_elements_holder][\/vc_column][vc_column css_animation=\u00bbslideInUp\u00bb css=\u00bb.vc_custom_1548222384104{padding-right: 10px !important;padding-bottom: 10px !important;padding-left: 10px !important;}\u00bb offset=\u00bbvc_col-md-4&#8243;][qode_elements_holder number_of_columns=\u00bbone_column\u00bb][qode_elements_holder_item background_color=\u00bb#ffffff\u00bb item_padding=\u00bb15px\u00bb advanced_animations=\u00bbno\u00bb custom_class=\u00bbeh-with-shadow\u00bb][vc_raw_html]JTNDZGl2JTIwY2xhc3MlM0QlMjJ0aXRyZSUyMiUzRSUzQ2gyJTNFJTNDc3BhbiUzRVN1cGVyaW9yZSUzQyUyRnNwYW4lM0UlM0MlMkZoMiUzRSUzQyUyRmRpdiUzRQ==[\/vc_raw_html][vc_single_image image=\u00bb15552&#8243; img_size=\u00bbfull\u00bb alignment=\u00bbcenter\u00bb qode_css_animation=\u00bb\u00bb][vc_empty_space height=\u00bb37px\u00bb][vc_column_text]<\/p>\n<h3>2 personas<\/h3>\n<p>[\/vc_column_text][vc_separator type=\u00bbsmall\u00bb position=\u00bbcenter\u00bb color=\u00bb#c29a44&#8243; thickness=\u00bb3&#8243; width=\u00bb36&#8243; up=\u00bb15&#8243; down=\u00bb20&#8243;][vc_column_text]<a  itemprop=\"url\" href=\"http:\/\/www.hotelamiralfondary.com\/es\/habitaciones-hotel-amiral-fondary-paris\/\" target=\"_self\" data-hover-background-color=#ffffff data-hover-border-color=#baa878 data-hover-color=#202020 class=\"qbutton  small center default\" style=\"color: #ffffff; border-color: #baa878; background-color: #202020;\">Descubrir<\/a><\/p>\n<p><a  itemprop=\"url\" href=\"https:\/\/www.secure-direct-hotel-booking.com\/module_booking_engine\/index.php?id_etab=85e0477f10bf2c57b525435210807820&amp;langue=espagnol\" target=\"_blank\"  class=\"qbutton  small center default\" style=\"\">RESERVAR<i class=\"qode_icon_font_awesome fa fa-calendar qode_button_icon_element\" style=\"\" ><\/i><\/a>[\/vc_column_text][vc_empty_space height=\u00bb23px\u00bb][\/qode_elements_holder_item][\/qode_elements_holder][\/vc_column][vc_column css_animation=\u00bbslideInUp\u00bb css=\u00bb.vc_custom_1548222390501{padding-right: 10px !important;padding-bottom: 10px !important;padding-left: 10px !important;}\u00bb offset=\u00bbvc_col-md-4&#8243;][qode_elements_holder number_of_columns=\u00bbone_column\u00bb][qode_elements_holder_item background_color=\u00bb#ffffff\u00bb item_padding=\u00bb15px\u00bb advanced_animations=\u00bbno\u00bb custom_class=\u00bbeh-with-shadow\u00bb][vc_raw_html]JTNDZGl2JTIwY2xhc3MlM0QlMjJ0aXRyZSUyMiUzRSUzQ2gyJTNFJTNDc3BhbiUzRVR3aW4lM0MlMkZzcGFuJTNFJTNDJTJGaDIlM0UlM0MlMkZkaXYlM0U=[\/vc_raw_html][vc_single_image image=\u00bb15550&#8243; img_size=\u00bbfull\u00bb alignment=\u00bbcenter\u00bb qode_css_animation=\u00bb\u00bb][vc_empty_space height=\u00bb37px\u00bb][vc_column_text]<\/p>\n<h3>2 personas<\/h3>\n<p>[\/vc_column_text][vc_separator type=\u00bbsmall\u00bb position=\u00bbcenter\u00bb color=\u00bb#c29a44&#8243; thickness=\u00bb3&#8243; width=\u00bb36&#8243; up=\u00bb15&#8243; down=\u00bb20&#8243;][vc_column_text]<a  itemprop=\"url\" href=\"http:\/\/www.hotelamiralfondary.com\/es\/habitaciones-hotel-amiral-fondary-paris\/\" target=\"_self\" data-hover-background-color=#ffffff data-hover-border-color=#baa878 data-hover-color=#202020 class=\"qbutton  small center default\" style=\"color: #ffffff; border-color: #baa878; background-color: #202020;\">Descubrir<\/a><\/p>\n<p><a  itemprop=\"url\" href=\"https:\/\/www.secure-direct-hotel-booking.com\/module_booking_engine\/index.php?id_etab=85e0477f10bf2c57b525435210807820&amp;langue=espagnol\" target=\"_blank\"  class=\"qbutton  small center default\" style=\"\">RESERVER<i class=\"qode_icon_font_awesome fa fa-calendar qode_button_icon_element\" style=\"\" ><\/i><\/a>[\/vc_column_text][vc_empty_space height=\u00bb23px\u00bb][\/qode_elements_holder_item][\/qode_elements_holder][\/vc_column][\/vc_row]<\/p>\n","protected":false},"excerpt":{"rendered":"<p>[vc_row css_animation=\u00bb\u00bb row_type=\u00bbrow\u00bb use_row_as_full_screen_section=\u00bbno\u00bb type=\u00bbfull_width\u00bb angled_section=\u00bbno\u00bb text_align=\u00bbleft\u00bb background_image_as_pattern=\u00bbwithout_pattern\u00bb][vc_column][rev_slider_vc alias=\u00bbhome\u00bb][\/vc_column][\/vc_row][vc_row css_animation=\u00bb\u00bb row_type=\u00bbrow\u00bb use_row_as_full_screen_section=\u00bbno\u00bb type=\u00bbgrid\u00bb angled_section=\u00bbno\u00bb text_align=\u00bbleft\u00bb background_image_as_pattern=\u00bbwithout_pattern\u00bb z_index=\u00bb\u00bb css=\u00bb.vc_custom_1548224333758{margin-top: 55px !important;}\u00bb][vc_column css_animation=\u00bbslideInLeft\u00bb width=\u00bb1\/2&#8243;][vc_single_image image=\u00bb15539&#8243; img_size=\u00bbfull\u00bb alignment=\u00bbcenter\u00bb qode_css_animation=\u00bb\u00bb][vc_empty_space height=\u00bb19px\u00bb][vc_raw_html]JTNDZGl2JTIwY2xhc3MlM0QlMjJ0aXRyZSUyMiUzRSUzQ2gyJTNFJTNDc3BhbiUzRUJJRU5WRU5JRE8lMjBBTCUyMEhPVEVMJTIwQU1JUkFMJTIwRk9OREFSWSUzQyUyRnNwYW4lM0UlM0MlMkZoMiUzRSUzQyUyRmRpdiUzRQ==[\/vc_raw_html][vc_empty_space height=\u00bb19px\u00bb][vc_column_text]Situado en pleno centro del distrito 15 de Par\u00eds, el hotel goza de una ubicaci\u00f3n privilegiada: est\u00e1 a&#8230;<\/p>\n","protected":false},"author":1,"featured_media":0,"parent":0,"menu_order":0,"comment_status":"closed","ping_status":"closed","template":"full_width.php","meta":[],"yoast_head":"<!-- This site is optimized with the Yoast SEO plugin v19.9 - https:\/\/yoast.com\/wordpress\/plugins\/seo\/ -->\n<title>Hotel Amiral Fondary 3 - Par\u00eds 15 - Mejor precio garantizado - Web oficial<\/title>\n<meta name=\"description\" content=\"El hotel Amiral-Fondary es un hotel de 3 estrellas en el coraz\u00f3n del distrito 15 de Par\u00eds, entre la Torre Eiffel, Montparnasse y Porte de Versailles\" \/>\n<meta name=\"robots\" content=\"index, follow, max-snippet:-1, max-image-preview:large, max-video-preview:-1\" \/>\n<link rel=\"canonical\" href=\"https:\/\/www.hotelamiralfondary.com\/es\/\" \/>\n<meta property=\"og:locale\" content=\"es_ES\" \/>\n<meta property=\"og:type\" content=\"article\" \/>\n<meta property=\"og:title\" content=\"Hotel Amiral Fondary 3 - Par\u00eds 15 - Mejor precio garantizado - Web oficial\" \/>\n<meta property=\"og:description\" content=\"El hotel Amiral-Fondary es un hotel de 3 estrellas en el coraz\u00f3n del distrito 15 de Par\u00eds, entre la Torre Eiffel, Montparnasse y Porte de Versailles\" \/>\n<meta property=\"og:url\" content=\"https:\/\/www.hotelamiralfondary.com\/es\/\" \/>\n<meta property=\"og:site_name\" content=\"H\u00f4tel Amiral Fondary\" \/>\n<meta property=\"article:modified_time\" content=\"2025-11-10T09:21:19+00:00\" \/>\n<meta name=\"twitter:card\" content=\"summary_large_image\" \/>\n<meta name=\"twitter:label1\" content=\"Tiempo de lectura\" \/>\n\t<meta name=\"twitter:data1\" content=\"2 minutos\" \/>\n<script type=\"application\/ld+json\" class=\"yoast-schema-graph\">{\"@context\":\"https:\/\/schema.org\",\"@graph\":[{\"@type\":\"WebPage\",\"@id\":\"https:\/\/www.hotelamiralfondary.com\/es\/\",\"url\":\"https:\/\/www.hotelamiralfondary.com\/es\/\",\"name\":\"Hotel Amiral Fondary 3 - Par\u00eds 15 - Mejor precio garantizado - Web oficial\",\"isPartOf\":{\"@id\":\"https:\/\/www.hotelamiralfondary.com\/#website\"},\"datePublished\":\"2019-01-23T04:44:06+00:00\",\"dateModified\":\"2025-11-10T09:21:19+00:00\",\"description\":\"El hotel Amiral-Fondary es un hotel de 3 estrellas en el coraz\u00f3n del distrito 15 de Par\u00eds, entre la Torre Eiffel, Montparnasse y Porte de Versailles\",\"breadcrumb\":{\"@id\":\"https:\/\/www.hotelamiralfondary.com\/es\/#breadcrumb\"},\"inLanguage\":\"es\",\"potentialAction\":[{\"@type\":\"ReadAction\",\"target\":[\"https:\/\/www.hotelamiralfondary.com\/es\/\"]}]},{\"@type\":\"BreadcrumbList\",\"@id\":\"https:\/\/www.hotelamiralfondary.com\/es\/#breadcrumb\",\"itemListElement\":[{\"@type\":\"ListItem\",\"position\":1,\"name\":\"Accueil\",\"item\":\"https:\/\/www.hotelamiralfondary.com\/es\/\"},{\"@type\":\"ListItem\",\"position\":2,\"name\":\"Accueil\"}]},{\"@type\":\"WebSite\",\"@id\":\"https:\/\/www.hotelamiralfondary.com\/#website\",\"url\":\"https:\/\/www.hotelamiralfondary.com\/\",\"name\":\"H\u00f4tel Amiral Fondary\",\"description\":\"H\u00f4tel 3 \u00e9toiles \u00e0 5 minutes de la Tour Eiffel\",\"publisher\":{\"@id\":\"https:\/\/www.hotelamiralfondary.com\/#organization\"},\"potentialAction\":[{\"@type\":\"SearchAction\",\"target\":{\"@type\":\"EntryPoint\",\"urlTemplate\":\"https:\/\/www.hotelamiralfondary.com\/?s={search_term_string}\"},\"query-input\":\"required name=search_term_string\"}],\"inLanguage\":\"es\"},{\"@type\":\"Organization\",\"@id\":\"https:\/\/www.hotelamiralfondary.com\/#organization\",\"name\":\"H\u00f4tel Amiral Fondary\",\"url\":\"https:\/\/www.hotelamiralfondary.com\/\",\"logo\":{\"@type\":\"ImageObject\",\"inLanguage\":\"es\",\"@id\":\"https:\/\/www.hotelamiralfondary.com\/#\/schema\/logo\/image\/\",\"url\":\"https:\/\/www.hotelamiralfondary.com\/wp-content\/uploads\/2019\/02\/logo-hotel-amiral-fondary-paris-15.png\",\"contentUrl\":\"https:\/\/www.hotelamiralfondary.com\/wp-content\/uploads\/2019\/02\/logo-hotel-amiral-fondary-paris-15.png\",\"width\":190,\"height\":70,\"caption\":\"H\u00f4tel Amiral Fondary\"},\"image\":{\"@id\":\"https:\/\/www.hotelamiralfondary.com\/#\/schema\/logo\/image\/\"},\"sameAs\":[\"https:\/\/www.instagram.com\/hotelamiralfondaryparis\/?hl=fr\"]}]}<\/script>\n<!-- \/ Yoast SEO plugin. -->","yoast_head_json":{"title":"Hotel Amiral Fondary 3 - Par\u00eds 15 - Mejor precio garantizado - Web oficial","description":"El hotel Amiral-Fondary es un hotel de 3 estrellas en el coraz\u00f3n del distrito 15 de Par\u00eds, entre la Torre Eiffel, Montparnasse y Porte de Versailles","robots":{"index":"index","follow":"follow","max-snippet":"max-snippet:-1","max-image-preview":"max-image-preview:large","max-video-preview":"max-video-preview:-1"},"canonical":"https:\/\/www.hotelamiralfondary.com\/es\/","og_locale":"es_ES","og_type":"article","og_title":"Hotel Amiral Fondary 3 - Par\u00eds 15 - Mejor precio garantizado - Web oficial","og_description":"El hotel Amiral-Fondary es un hotel de 3 estrellas en el coraz\u00f3n del distrito 15 de Par\u00eds, entre la Torre Eiffel, Montparnasse y Porte de Versailles","og_url":"https:\/\/www.hotelamiralfondary.com\/es\/","og_site_name":"H\u00f4tel Amiral Fondary","article_modified_time":"2025-11-10T09:21:19+00:00","twitter_card":"summary_large_image","twitter_misc":{"Tiempo de lectura":"2 minutos"},"schema":{"@context":"https:\/\/schema.org","@graph":[{"@type":"WebPage","@id":"https:\/\/www.hotelamiralfondary.com\/es\/","url":"https:\/\/www.hotelamiralfondary.com\/es\/","name":"Hotel Amiral Fondary 3 - Par\u00eds 15 - Mejor precio garantizado - Web oficial","isPartOf":{"@id":"https:\/\/www.hotelamiralfondary.com\/#website"},"datePublished":"2019-01-23T04:44:06+00:00","dateModified":"2025-11-10T09:21:19+00:00","description":"El hotel Amiral-Fondary es un hotel de 3 estrellas en el coraz\u00f3n del distrito 15 de Par\u00eds, entre la Torre Eiffel, Montparnasse y Porte de Versailles","breadcrumb":{"@id":"https:\/\/www.hotelamiralfondary.com\/es\/#breadcrumb"},"inLanguage":"es","potentialAction":[{"@type":"ReadAction","target":["https:\/\/www.hotelamiralfondary.com\/es\/"]}]},{"@type":"BreadcrumbList","@id":"https:\/\/www.hotelamiralfondary.com\/es\/#breadcrumb","itemListElement":[{"@type":"ListItem","position":1,"name":"Accueil","item":"https:\/\/www.hotelamiralfondary.com\/es\/"},{"@type":"ListItem","position":2,"name":"Accueil"}]},{"@type":"WebSite","@id":"https:\/\/www.hotelamiralfondary.com\/#website","url":"https:\/\/www.hotelamiralfondary.com\/","name":"H\u00f4tel Amiral Fondary","description":"H\u00f4tel 3 \u00e9toiles \u00e0 5 minutes de la Tour Eiffel","publisher":{"@id":"https:\/\/www.hotelamiralfondary.com\/#organization"},"potentialAction":[{"@type":"SearchAction","target":{"@type":"EntryPoint","urlTemplate":"https:\/\/www.hotelamiralfondary.com\/?s={search_term_string}"},"query-input":"required name=search_term_string"}],"inLanguage":"es"},{"@type":"Organization","@id":"https:\/\/www.hotelamiralfondary.com\/#organization","name":"H\u00f4tel Amiral Fondary","url":"https:\/\/www.hotelamiralfondary.com\/","logo":{"@type":"ImageObject","inLanguage":"es","@id":"https:\/\/www.hotelamiralfondary.com\/#\/schema\/logo\/image\/","url":"https:\/\/www.hotelamiralfondary.com\/wp-content\/uploads\/2019\/02\/logo-hotel-amiral-fondary-paris-15.png","contentUrl":"https:\/\/www.hotelamiralfondary.com\/wp-content\/uploads\/2019\/02\/logo-hotel-amiral-fondary-paris-15.png","width":190,"height":70,"caption":"H\u00f4tel Amiral Fondary"},"image":{"@id":"https:\/\/www.hotelamiralfondary.com\/#\/schema\/logo\/image\/"},"sameAs":["https:\/\/www.instagram.com\/hotelamiralfondaryparis\/?hl=fr"]}]}},"_links":{"self":[{"href":"https:\/\/www.hotelamiralfondary.com\/es\/wp-json\/wp\/v2\/pages\/16390"}],"collection":[{"href":"https:\/\/www.hotelamiralfondary.com\/es\/wp-json\/wp\/v2\/pages"}],"about":[{"href":"https:\/\/www.hotelamiralfondary.com\/es\/wp-json\/wp\/v2\/types\/page"}],"author":[{"embeddable":true,"href":"https:\/\/www.hotelamiralfondary.com\/es\/wp-json\/wp\/v2\/users\/1"}],"replies":[{"embeddable":true,"href":"https:\/\/www.hotelamiralfondary.com\/es\/wp-json\/wp\/v2\/comments?post=16390"}],"version-history":[{"count":6,"href":"https:\/\/www.hotelamiralfondary.com\/es\/wp-json\/wp\/v2\/pages\/16390\/revisions"}],"predecessor-version":[{"id":16558,"href":"https:\/\/www.hotelamiralfondary.com\/es\/wp-json\/wp\/v2\/pages\/16390\/revisions\/16558"}],"wp:attachment":[{"href":"https:\/\/www.hotelamiralfondary.com\/es\/wp-json\/wp\/v2\/media?parent=16390"}],"curies":[{"name":"wp","href":"https:\/\/api.w.org\/{rel}","templated":true}]}}