{"id":15872,"date":"2019-01-23T08:51:17","date_gmt":"2019-01-23T07:51:17","guid":{"rendered":"http:\/\/www.hotelamiralfondary.com\/new\/chambres-hotel-amiral-fondary-paris\/"},"modified":"2023-08-01T15:57:16","modified_gmt":"2023-08-01T13:57:16","slug":"rooms-hotel-amiral-fondary-paris","status":"publish","type":"page","link":"https:\/\/www.hotelamiralfondary.com\/en\/rooms-hotel-amiral-fondary-paris\/","title":{"rendered":"Rooms"},"content":{"rendered":"<p>[vc_row css_animation=&#8221;&#8221; row_type=&#8221;row&#8221; use_row_as_full_screen_section=&#8221;no&#8221; type=&#8221;grid&#8221; angled_section=&#8221;no&#8221; text_align=&#8221;left&#8221; background_image_as_pattern=&#8221;without_pattern&#8221; css=&#8221;.vc_custom_1549436089651{margin-top: 80px !important;padding-top: 150px !important;padding-bottom: 150px !important;background-image: url(http:\/\/www.hotelamiralfondary.com\/wp-content\/uploads\/2019\/01\/bg-room.jpg?id=15695) !important;}&#8221; z_index=&#8221;&#8221;][vc_column][vc_raw_html]JTNDZGl2JTIwY2xhc3MlM0QlMjJ0aXRyZSUyMiUyMHN0eWxlJTNEJTIydGV4dC1hbGlnbiUzQWNlbnRlciUyMiUzRSUzQ2gyJTNFJTNDc3BhbiUyMHN0eWxlJTNEJTIyY29sb3IlM0ElMjNmZmYlM0IlMjB0ZXh0LXNoYWRvdyUzQSUyMDAlMjA4cHglMjAzMnB4JTIwJTIzMjAyMDIwJTNCJTIyJTNFT1VSJTIwUk9PTVMlM0MlMkZzcGFuJTNFJTNDJTJGaDIlM0UlM0MlMkZkaXYlM0U=[\/vc_raw_html][\/vc_column][\/vc_row][vc_row css_animation=&#8221;&#8221; row_type=&#8221;row&#8221; use_row_as_full_screen_section=&#8221;no&#8221; type=&#8221;grid&#8221; angled_section=&#8221;no&#8221; text_align=&#8221;left&#8221; background_image_as_pattern=&#8221;without_pattern&#8221; z_index=&#8221;&#8221; css=&#8221;.vc_custom_1548224333758{margin-top: 55px !important;}&#8221;][vc_column css_animation=&#8221;slideInLeft&#8221;][vc_single_image image=&#8221;15539&#8243; img_size=&#8221;full&#8221; alignment=&#8221;center&#8221; qode_css_animation=&#8221;&#8221;][vc_empty_space height=&#8221;19px&#8221;][vc_column_text]The rooms of the Amiral Fondary are equipped with a <strong>private bathroom<\/strong>, <strong>air conditioning<\/strong>, a <strong>flat-screen satellite TV with Canal +<\/strong>, and a <strong>free wifi<\/strong> internet connection. Some rooms overlook the <strong>hotel&#8217;s flowered patio<\/strong>, where guests can relax.<\/p>\n<p>&nbsp;<\/p>\n<p>Room for person with reduced mobility available on request. Please contact us.<\/p>\n<p>&nbsp;<\/p>\n<p class=\"resa_index\">Parquet or carpet, <strong>bathroom with shower or bath<\/strong>, the rooms open for most of a <strong>flower garden<\/strong> that will remind you of the campaign.<\/p>\n<p>&nbsp;<\/p>\n<p><strong>ROOM FACILITIES<\/strong><\/p>\n<p>Flat screen TV | Telephone | Hair dryer | Desk | Toilets | Private bathroom | Heating \/ Air conditioner | Shower | Wake up service | Electric kettle | Wardrobe | Towels | Upper floors accessible by elevator[\/vc_column_text][\/vc_column][\/vc_row][vc_row css_animation=&#8221;&#8221; row_type=&#8221;row&#8221; use_row_as_full_screen_section=&#8221;no&#8221; type=&#8221;full_width&#8221; angled_section=&#8221;no&#8221; text_align=&#8221;left&#8221; background_image_as_pattern=&#8221;without_pattern&#8221; css=&#8221;.vc_custom_1548231505048{margin-top: 20px !important;}&#8221; z_index=&#8221;&#8221;][vc_column][vc_separator type=&#8221;normal&#8221; color=&#8221;#baa878&#8243;][\/vc_column][\/vc_row][vc_row css_animation=&#8221;&#8221; row_type=&#8221;row&#8221; use_row_as_full_screen_section=&#8221;no&#8221; type=&#8221;full_width&#8221; angled_section=&#8221;no&#8221; text_align=&#8221;left&#8221; background_image_as_pattern=&#8221;without_pattern&#8221; z_index=&#8221;&#8221; css=&#8221;.vc_custom_1548231222698{margin-top: 55px !important;}&#8221;][vc_column css_animation=&#8221;slideInLeft&#8221; width=&#8221;1\/2&#8243; css=&#8221;.vc_custom_1548233416138{padding-top: 20px !important;padding-right: 20px !important;padding-bottom: 20px !important;padding-left: 40px !important;}&#8221;][vc_raw_html]JTNDZGl2JTIwY2xhc3MlM0QlMjJ0aXRyZSUyMiUzRSUzQ2gyJTNFJTNDc3BhbiUzRUNsYXNzaWMlMjByb29tcyUzQyUyRnNwYW4lM0UlM0MlMkZoMiUzRSUzQyUyRmRpdiUzRQ==[\/vc_raw_html][vc_empty_space height=&#8221;19px&#8221;][vc_column_text]2 people &#8211; 1 double bed 160 x 200<\/p>\n<p>The rooms of the Amiral Fondary are equipped with a <strong>private bathroom<\/strong>, <strong>air conditioning<\/strong>, a <strong>flat-screen satellite TV with Canal +<\/strong>, and a <strong>free wifi<\/strong> internet connection. Some rooms overlook the <strong>hotel&#8217;s flowered patio<\/strong>, where guests can relax.[\/vc_column_text][vc_empty_space height=&#8221;19px&#8221;][vc_column_text]<a  itemprop=\"url\" href=\"https:\/\/www.secure-direct-hotel-booking.com\/module_booking_engine\/index.php?id_etab=85e0477f10bf2c57b525435210807820&amp;langue=anglais\" target=\"_blank\"  class=\"qbutton  center default\" style=\"\">BOOK NOW<i class=\"qode_icon_font_awesome fa fa-calendar qode_button_icon_element\" style=\"\" ><\/i><\/a>[\/vc_column_text][\/vc_column][vc_column css_animation=&#8221;slideInRight&#8221; width=&#8221;1\/2&#8243;][vc_gallery interval=&#8221;5&#8243; images=&#8221;15665,15667,15669&#8243; img_size=&#8221;full&#8221;][\/vc_column][\/vc_row][vc_row css_animation=&#8221;&#8221; row_type=&#8221;row&#8221; use_row_as_full_screen_section=&#8221;no&#8221; type=&#8221;full_width&#8221; angled_section=&#8221;no&#8221; text_align=&#8221;left&#8221; background_image_as_pattern=&#8221;without_pattern&#8221; css=&#8221;.vc_custom_1548231505048{margin-top: 20px !important;}&#8221; z_index=&#8221;&#8221;][vc_column][vc_separator type=&#8221;normal&#8221; color=&#8221;#baa878&#8243;][\/vc_column][\/vc_row][vc_row css_animation=&#8221;&#8221; row_type=&#8221;row&#8221; use_row_as_full_screen_section=&#8221;no&#8221; type=&#8221;full_width&#8221; angled_section=&#8221;no&#8221; text_align=&#8221;left&#8221; background_image_as_pattern=&#8221;without_pattern&#8221; z_index=&#8221;&#8221; css=&#8221;.vc_custom_1548231222698{margin-top: 55px !important;}&#8221;][vc_column css_animation=&#8221;slideInLeft&#8221; width=&#8221;1\/2&#8243; css=&#8221;.vc_custom_1548233437126{padding-top: 20px !important;padding-right: 20px !important;padding-bottom: 20px !important;padding-left: 40px !important;}&#8221;][vc_gallery interval=&#8221;5&#8243; images=&#8221;15671,15673,15675,15677,15679,15681,15683&#8243; img_size=&#8221;full&#8221;][\/vc_column][vc_column css_animation=&#8221;slideInRight&#8221; width=&#8221;1\/2&#8243;][vc_raw_html]JTNDZGl2JTIwY2xhc3MlM0QlMjJ0aXRyZSUyMiUzRSUzQ2gyJTNFJTNDc3BhbiUzRVN1cGVyaW9yJTIwcm9vbXMlM0MlMkZzcGFuJTNFJTNDJTJGaDIlM0UlM0MlMkZkaXYlM0U=[\/vc_raw_html][vc_empty_space height=&#8221;19px&#8221;][vc_column_text]2 people- 1 double bed 160 x 200<\/p>\n<p>The rooms of the Amiral Fondary are equipped with a <strong>private bathroom<\/strong>, <strong>air conditioning<\/strong>, a <strong>flat-screen satellite TV with Canal +<\/strong>, and a <strong>free wifi<\/strong> internet connection.[\/vc_column_text][vc_empty_space height=&#8221;19px&#8221;][vc_column_text]<a  itemprop=\"url\" href=\"https:\/\/www.secure-direct-hotel-booking.com\/module_booking_engine\/index.php?id_etab=85e0477f10bf2c57b525435210807820&amp;langue=anglais\" target=\"_blank\"  class=\"qbutton  center default\" style=\"\">BOOK NOW<i class=\"qode_icon_font_awesome fa fa-calendar qode_button_icon_element\" style=\"\" ><\/i><\/a>[\/vc_column_text][\/vc_column][\/vc_row][vc_row css_animation=&#8221;&#8221; row_type=&#8221;row&#8221; use_row_as_full_screen_section=&#8221;no&#8221; type=&#8221;full_width&#8221; angled_section=&#8221;no&#8221; text_align=&#8221;left&#8221; background_image_as_pattern=&#8221;without_pattern&#8221; css=&#8221;.vc_custom_1548231505048{margin-top: 20px !important;}&#8221; z_index=&#8221;&#8221;][vc_column][vc_separator type=&#8221;normal&#8221; color=&#8221;#baa878&#8243;][\/vc_column][\/vc_row][vc_row css_animation=&#8221;&#8221; row_type=&#8221;row&#8221; use_row_as_full_screen_section=&#8221;no&#8221; type=&#8221;full_width&#8221; angled_section=&#8221;no&#8221; text_align=&#8221;left&#8221; background_image_as_pattern=&#8221;without_pattern&#8221; z_index=&#8221;&#8221; css=&#8221;.vc_custom_1548231222698{margin-top: 55px !important;}&#8221;][vc_column css_animation=&#8221;slideInLeft&#8221; width=&#8221;1\/2&#8243; css=&#8221;.vc_custom_1548233445483{padding-top: 20px !important;padding-right: 20px !important;padding-bottom: 20px !important;padding-left: 40px !important;}&#8221;][vc_raw_html]JTNDZGl2JTIwY2xhc3MlM0QlMjJ0aXRyZSUyMiUzRSUzQ2gyJTNFJTNDc3BhbiUzRXR3aW4lMjByb29tcyUzQyUyRnNwYW4lM0UlM0MlMkZoMiUzRSUzQyUyRmRpdiUzRQ==[\/vc_raw_html][vc_empty_space height=&#8221;19px&#8221;][vc_column_text]2 people- 2 single bed 90 x 190<\/p>\n<p>The rooms of the Amiral Fondary are equipped with a <strong>private bathroom<\/strong>, <strong>air conditioning<\/strong>, a <strong>flat-screen satellite TV with Canal +<\/strong>, and a <strong>free wifi<\/strong> internet connection. Some rooms overlook the <strong>hotel&#8217;s flowered patio<\/strong>, where guests can relax.[\/vc_column_text][vc_empty_space height=&#8221;19px&#8221;][vc_column_text]<a  itemprop=\"url\" href=\"https:\/\/www.misterbooking.com\/booking_engine\/module_booking_engine\/index.php?id_etab=85e0477f10bf2c57b525435210807820&amp;langue=anglais\" target=\"_blank\"  class=\"qbutton  center default\" style=\"\">BOOK NOW<i class=\"qode_icon_font_awesome fa fa-calendar qode_button_icon_element\" style=\"\" ><\/i><\/a>[\/vc_column_text][\/vc_column][vc_column css_animation=&#8221;slideInRight&#8221; width=&#8221;1\/2&#8243;][vc_gallery interval=&#8221;5&#8243; images=&#8221;15685,15687,15689,15691&#8243; img_size=&#8221;full&#8221;][\/vc_column][\/vc_row][vc_row css_animation=&#8221;&#8221; row_type=&#8221;row&#8221; use_row_as_full_screen_section=&#8221;no&#8221; type=&#8221;full_width&#8221; angled_section=&#8221;no&#8221; text_align=&#8221;left&#8221; background_image_as_pattern=&#8221;without_pattern&#8221; css=&#8221;.vc_custom_1549436105853{margin-top: 55px !important;padding-top: 200px !important;padding-bottom: 200px !important;background-image: url(http:\/\/www.hotelamiralfondary.com\/wp-content\/uploads\/2019\/01\/paris-beaugrenelle.jpg?id=15573) !important;}&#8221; z_index=&#8221;&#8221;][vc_column][\/vc_column][\/vc_row]<\/p>\n","protected":false},"excerpt":{"rendered":"<p>[vc_row css_animation=&#8221;&#8221; row_type=&#8221;row&#8221; use_row_as_full_screen_section=&#8221;no&#8221; type=&#8221;grid&#8221; angled_section=&#8221;no&#8221; text_align=&#8221;left&#8221; background_image_as_pattern=&#8221;without_pattern&#8221; css=&#8221;.vc_custom_1549436089651{margin-top: 80px !important;padding-top: 150px !important;padding-bottom: 150px !important;background-image: url(http:\/\/www.hotelamiralfondary.com\/wp-content\/uploads\/2019\/01\/bg-room.jpg?id=15695) !important;}&#8221; z_index=&#8221;&#8221;][vc_column][vc_raw_html]JTNDZGl2JTIwY2xhc3MlM0QlMjJ0aXRyZSUyMiUyMHN0eWxlJTNEJTIydGV4dC1hbGlnbiUzQWNlbnRlciUyMiUzRSUzQ2gyJTNFJTNDc3BhbiUyMHN0eWxlJTNEJTIyY29sb3IlM0ElMjNmZmYlM0IlMjB0ZXh0LXNoYWRvdyUzQSUyMDAlMjA4cHglMjAzMnB4JTIwJTIzMjAyMDIwJTNCJTIyJTNFT1VSJTIwUk9PTVMlM0MlMkZzcGFuJTNFJTNDJTJGaDIlM0UlM0MlMkZkaXYlM0U=[\/vc_raw_html][\/vc_column][\/vc_row][vc_row css_animation=&#8221;&#8221; row_type=&#8221;row&#8221; use_row_as_full_screen_section=&#8221;no&#8221; type=&#8221;grid&#8221; angled_section=&#8221;no&#8221; text_align=&#8221;left&#8221; background_image_as_pattern=&#8221;without_pattern&#8221; z_index=&#8221;&#8221; css=&#8221;.vc_custom_1548224333758{margin-top: 55px !important;}&#8221;][vc_column css_animation=&#8221;slideInLeft&#8221;][vc_single_image image=&#8221;15539&#8243; img_size=&#8221;full&#8221; alignment=&#8221;center&#8221; qode_css_animation=&#8221;&#8221;][vc_empty_space height=&#8221;19px&#8221;][vc_column_text]The rooms of the Amiral Fondary are equipped with a private&#8230;<\/p>\n","protected":false},"author":1,"featured_media":0,"parent":0,"menu_order":0,"comment_status":"closed","ping_status":"closed","template":"full_width.php","meta":[],"yoast_head":"<!-- This site is optimized with the Yoast SEO plugin v19.9 - https:\/\/yoast.com\/wordpress\/plugins\/seo\/ -->\n<title>Rooms - H\u00f4tel Amiral Fondary<\/title>\n<meta name=\"robots\" content=\"index, follow, max-snippet:-1, max-image-preview:large, max-video-preview:-1\" \/>\n<link rel=\"canonical\" href=\"https:\/\/www.hotelamiralfondary.com\/en\/rooms-hotel-amiral-fondary-paris\/\" \/>\n<meta property=\"og:locale\" content=\"en_US\" \/>\n<meta property=\"og:type\" content=\"article\" \/>\n<meta property=\"og:title\" content=\"Rooms - H\u00f4tel Amiral Fondary\" \/>\n<meta property=\"og:description\" content=\"[vc_row css_animation=&#8221;&#8221; row_type=&#8221;row&#8221; use_row_as_full_screen_section=&#8221;no&#8221; type=&#8221;grid&#8221; angled_section=&#8221;no&#8221; text_align=&#8221;left&#8221; background_image_as_pattern=&#8221;without_pattern&#8221; css=&#8221;.vc_custom_1549436089651{margin-top: 80px !important;padding-top: 150px !important;padding-bottom: 150px !important;background-image: url(http:\/\/www.hotelamiralfondary.com\/wp-content\/uploads\/2019\/01\/bg-room.jpg?id=15695) !important;}&#8221; z_index=&#8221;&#8221;][vc_column][vc_raw_html]JTNDZGl2JTIwY2xhc3MlM0QlMjJ0aXRyZSUyMiUyMHN0eWxlJTNEJTIydGV4dC1hbGlnbiUzQWNlbnRlciUyMiUzRSUzQ2gyJTNFJTNDc3BhbiUyMHN0eWxlJTNEJTIyY29sb3IlM0ElMjNmZmYlM0IlMjB0ZXh0LXNoYWRvdyUzQSUyMDAlMjA4cHglMjAzMnB4JTIwJTIzMjAyMDIwJTNCJTIyJTNFT1VSJTIwUk9PTVMlM0MlMkZzcGFuJTNFJTNDJTJGaDIlM0UlM0MlMkZkaXYlM0U=[\/vc_raw_html][\/vc_column][\/vc_row][vc_row css_animation=&#8221;&#8221; row_type=&#8221;row&#8221; use_row_as_full_screen_section=&#8221;no&#8221; type=&#8221;grid&#8221; angled_section=&#8221;no&#8221; text_align=&#8221;left&#8221; background_image_as_pattern=&#8221;without_pattern&#8221; z_index=&#8221;&#8221; css=&#8221;.vc_custom_1548224333758{margin-top: 55px !important;}&#8221;][vc_column css_animation=&#8221;slideInLeft&#8221;][vc_single_image image=&#8221;15539&#8243; img_size=&#8221;full&#8221; alignment=&#8221;center&#8221; qode_css_animation=&#8221;&#8221;][vc_empty_space height=&#8221;19px&#8221;][vc_column_text]The rooms of the Amiral Fondary are equipped with a private...\" \/>\n<meta property=\"og:url\" content=\"https:\/\/www.hotelamiralfondary.com\/en\/rooms-hotel-amiral-fondary-paris\/\" \/>\n<meta property=\"og:site_name\" content=\"H\u00f4tel Amiral Fondary\" \/>\n<meta property=\"article:modified_time\" content=\"2023-08-01T13:57:16+00:00\" \/>\n<meta name=\"twitter:card\" content=\"summary_large_image\" \/>\n<meta name=\"twitter:label1\" content=\"Est. reading time\" \/>\n\t<meta name=\"twitter:data1\" content=\"3 minutes\" \/>\n<script type=\"application\/ld+json\" class=\"yoast-schema-graph\">{\"@context\":\"https:\/\/schema.org\",\"@graph\":[{\"@type\":\"WebPage\",\"@id\":\"https:\/\/www.hotelamiralfondary.com\/en\/rooms-hotel-amiral-fondary-paris\/\",\"url\":\"https:\/\/www.hotelamiralfondary.com\/en\/rooms-hotel-amiral-fondary-paris\/\",\"name\":\"Rooms - H\u00f4tel Amiral Fondary\",\"isPartOf\":{\"@id\":\"https:\/\/www.hotelamiralfondary.com\/#website\"},\"datePublished\":\"2019-01-23T07:51:17+00:00\",\"dateModified\":\"2023-08-01T13:57:16+00:00\",\"breadcrumb\":{\"@id\":\"https:\/\/www.hotelamiralfondary.com\/en\/rooms-hotel-amiral-fondary-paris\/#breadcrumb\"},\"inLanguage\":\"en-US\",\"potentialAction\":[{\"@type\":\"ReadAction\",\"target\":[\"https:\/\/www.hotelamiralfondary.com\/en\/rooms-hotel-amiral-fondary-paris\/\"]}]},{\"@type\":\"BreadcrumbList\",\"@id\":\"https:\/\/www.hotelamiralfondary.com\/en\/rooms-hotel-amiral-fondary-paris\/#breadcrumb\",\"itemListElement\":[{\"@type\":\"ListItem\",\"position\":1,\"name\":\"Accueil\",\"item\":\"https:\/\/www.hotelamiralfondary.com\/en\/\"},{\"@type\":\"ListItem\",\"position\":2,\"name\":\"Rooms\"}]},{\"@type\":\"WebSite\",\"@id\":\"https:\/\/www.hotelamiralfondary.com\/#website\",\"url\":\"https:\/\/www.hotelamiralfondary.com\/\",\"name\":\"H\u00f4tel Amiral Fondary\",\"description\":\"H\u00f4tel 3 \u00e9toiles \u00e0 5 minutes de la Tour Eiffel\",\"publisher\":{\"@id\":\"https:\/\/www.hotelamiralfondary.com\/#organization\"},\"potentialAction\":[{\"@type\":\"SearchAction\",\"target\":{\"@type\":\"EntryPoint\",\"urlTemplate\":\"https:\/\/www.hotelamiralfondary.com\/?s={search_term_string}\"},\"query-input\":\"required name=search_term_string\"}],\"inLanguage\":\"en-US\"},{\"@type\":\"Organization\",\"@id\":\"https:\/\/www.hotelamiralfondary.com\/#organization\",\"name\":\"H\u00f4tel Amiral Fondary\",\"url\":\"https:\/\/www.hotelamiralfondary.com\/\",\"logo\":{\"@type\":\"ImageObject\",\"inLanguage\":\"en-US\",\"@id\":\"https:\/\/www.hotelamiralfondary.com\/#\/schema\/logo\/image\/\",\"url\":\"https:\/\/www.hotelamiralfondary.com\/wp-content\/uploads\/2019\/02\/logo-hotel-amiral-fondary-paris-15.png\",\"contentUrl\":\"https:\/\/www.hotelamiralfondary.com\/wp-content\/uploads\/2019\/02\/logo-hotel-amiral-fondary-paris-15.png\",\"width\":190,\"height\":70,\"caption\":\"H\u00f4tel Amiral Fondary\"},\"image\":{\"@id\":\"https:\/\/www.hotelamiralfondary.com\/#\/schema\/logo\/image\/\"},\"sameAs\":[\"https:\/\/www.instagram.com\/hotelamiralfondaryparis\/?hl=fr\"]}]}<\/script>\n<!-- \/ Yoast SEO plugin. -->","yoast_head_json":{"title":"Rooms - H\u00f4tel Amiral Fondary","robots":{"index":"index","follow":"follow","max-snippet":"max-snippet:-1","max-image-preview":"max-image-preview:large","max-video-preview":"max-video-preview:-1"},"canonical":"https:\/\/www.hotelamiralfondary.com\/en\/rooms-hotel-amiral-fondary-paris\/","og_locale":"en_US","og_type":"article","og_title":"Rooms - H\u00f4tel Amiral Fondary","og_description":"[vc_row css_animation=&#8221;&#8221; row_type=&#8221;row&#8221; use_row_as_full_screen_section=&#8221;no&#8221; type=&#8221;grid&#8221; angled_section=&#8221;no&#8221; text_align=&#8221;left&#8221; background_image_as_pattern=&#8221;without_pattern&#8221; css=&#8221;.vc_custom_1549436089651{margin-top: 80px !important;padding-top: 150px !important;padding-bottom: 150px !important;background-image: url(http:\/\/www.hotelamiralfondary.com\/wp-content\/uploads\/2019\/01\/bg-room.jpg?id=15695) !important;}&#8221; z_index=&#8221;&#8221;][vc_column][vc_raw_html]JTNDZGl2JTIwY2xhc3MlM0QlMjJ0aXRyZSUyMiUyMHN0eWxlJTNEJTIydGV4dC1hbGlnbiUzQWNlbnRlciUyMiUzRSUzQ2gyJTNFJTNDc3BhbiUyMHN0eWxlJTNEJTIyY29sb3IlM0ElMjNmZmYlM0IlMjB0ZXh0LXNoYWRvdyUzQSUyMDAlMjA4cHglMjAzMnB4JTIwJTIzMjAyMDIwJTNCJTIyJTNFT1VSJTIwUk9PTVMlM0MlMkZzcGFuJTNFJTNDJTJGaDIlM0UlM0MlMkZkaXYlM0U=[\/vc_raw_html][\/vc_column][\/vc_row][vc_row css_animation=&#8221;&#8221; row_type=&#8221;row&#8221; use_row_as_full_screen_section=&#8221;no&#8221; type=&#8221;grid&#8221; angled_section=&#8221;no&#8221; text_align=&#8221;left&#8221; background_image_as_pattern=&#8221;without_pattern&#8221; z_index=&#8221;&#8221; css=&#8221;.vc_custom_1548224333758{margin-top: 55px !important;}&#8221;][vc_column css_animation=&#8221;slideInLeft&#8221;][vc_single_image image=&#8221;15539&#8243; img_size=&#8221;full&#8221; alignment=&#8221;center&#8221; qode_css_animation=&#8221;&#8221;][vc_empty_space height=&#8221;19px&#8221;][vc_column_text]The rooms of the Amiral Fondary are equipped with a private...","og_url":"https:\/\/www.hotelamiralfondary.com\/en\/rooms-hotel-amiral-fondary-paris\/","og_site_name":"H\u00f4tel Amiral Fondary","article_modified_time":"2023-08-01T13:57:16+00:00","twitter_card":"summary_large_image","twitter_misc":{"Est. reading time":"3 minutes"},"schema":{"@context":"https:\/\/schema.org","@graph":[{"@type":"WebPage","@id":"https:\/\/www.hotelamiralfondary.com\/en\/rooms-hotel-amiral-fondary-paris\/","url":"https:\/\/www.hotelamiralfondary.com\/en\/rooms-hotel-amiral-fondary-paris\/","name":"Rooms - H\u00f4tel Amiral Fondary","isPartOf":{"@id":"https:\/\/www.hotelamiralfondary.com\/#website"},"datePublished":"2019-01-23T07:51:17+00:00","dateModified":"2023-08-01T13:57:16+00:00","breadcrumb":{"@id":"https:\/\/www.hotelamiralfondary.com\/en\/rooms-hotel-amiral-fondary-paris\/#breadcrumb"},"inLanguage":"en-US","potentialAction":[{"@type":"ReadAction","target":["https:\/\/www.hotelamiralfondary.com\/en\/rooms-hotel-amiral-fondary-paris\/"]}]},{"@type":"BreadcrumbList","@id":"https:\/\/www.hotelamiralfondary.com\/en\/rooms-hotel-amiral-fondary-paris\/#breadcrumb","itemListElement":[{"@type":"ListItem","position":1,"name":"Accueil","item":"https:\/\/www.hotelamiralfondary.com\/en\/"},{"@type":"ListItem","position":2,"name":"Rooms"}]},{"@type":"WebSite","@id":"https:\/\/www.hotelamiralfondary.com\/#website","url":"https:\/\/www.hotelamiralfondary.com\/","name":"H\u00f4tel Amiral Fondary","description":"H\u00f4tel 3 \u00e9toiles \u00e0 5 minutes de la Tour Eiffel","publisher":{"@id":"https:\/\/www.hotelamiralfondary.com\/#organization"},"potentialAction":[{"@type":"SearchAction","target":{"@type":"EntryPoint","urlTemplate":"https:\/\/www.hotelamiralfondary.com\/?s={search_term_string}"},"query-input":"required name=search_term_string"}],"inLanguage":"en-US"},{"@type":"Organization","@id":"https:\/\/www.hotelamiralfondary.com\/#organization","name":"H\u00f4tel Amiral Fondary","url":"https:\/\/www.hotelamiralfondary.com\/","logo":{"@type":"ImageObject","inLanguage":"en-US","@id":"https:\/\/www.hotelamiralfondary.com\/#\/schema\/logo\/image\/","url":"https:\/\/www.hotelamiralfondary.com\/wp-content\/uploads\/2019\/02\/logo-hotel-amiral-fondary-paris-15.png","contentUrl":"https:\/\/www.hotelamiralfondary.com\/wp-content\/uploads\/2019\/02\/logo-hotel-amiral-fondary-paris-15.png","width":190,"height":70,"caption":"H\u00f4tel Amiral Fondary"},"image":{"@id":"https:\/\/www.hotelamiralfondary.com\/#\/schema\/logo\/image\/"},"sameAs":["https:\/\/www.instagram.com\/hotelamiralfondaryparis\/?hl=fr"]}]}},"_links":{"self":[{"href":"https:\/\/www.hotelamiralfondary.com\/en\/wp-json\/wp\/v2\/pages\/15872"}],"collection":[{"href":"https:\/\/www.hotelamiralfondary.com\/en\/wp-json\/wp\/v2\/pages"}],"about":[{"href":"https:\/\/www.hotelamiralfondary.com\/en\/wp-json\/wp\/v2\/types\/page"}],"author":[{"embeddable":true,"href":"https:\/\/www.hotelamiralfondary.com\/en\/wp-json\/wp\/v2\/users\/1"}],"replies":[{"embeddable":true,"href":"https:\/\/www.hotelamiralfondary.com\/en\/wp-json\/wp\/v2\/comments?post=15872"}],"version-history":[{"count":8,"href":"https:\/\/www.hotelamiralfondary.com\/en\/wp-json\/wp\/v2\/pages\/15872\/revisions"}],"predecessor-version":[{"id":16431,"href":"https:\/\/www.hotelamiralfondary.com\/en\/wp-json\/wp\/v2\/pages\/15872\/revisions\/16431"}],"wp:attachment":[{"href":"https:\/\/www.hotelamiralfondary.com\/en\/wp-json\/wp\/v2\/media?parent=15872"}],"curies":[{"name":"wp","href":"https:\/\/api.w.org\/{rel}","templated":true}]}}