{"id":15871,"date":"2019-01-23T05:44:06","date_gmt":"2019-01-23T04:44:06","guid":{"rendered":"http:\/\/www.hotelamiralfondary.com\/new\/accueil-2\/"},"modified":"2025-11-10T10:21:53","modified_gmt":"2025-11-10T09:21:53","slug":"accueil-2","status":"publish","type":"page","link":"https:\/\/www.hotelamiralfondary.com\/en\/","title":{"rendered":"Home"},"content":{"rendered":"<p>[vc_row css_animation=&#8221;&#8221; row_type=&#8221;row&#8221; use_row_as_full_screen_section=&#8221;no&#8221; type=&#8221;full_width&#8221; angled_section=&#8221;no&#8221; text_align=&#8221;left&#8221; background_image_as_pattern=&#8221;without_pattern&#8221;][vc_column][rev_slider_vc alias=&#8221;home&#8221;][\/vc_column][\/vc_row][vc_row css_animation=&#8221;&#8221; row_type=&#8221;row&#8221; use_row_as_full_screen_section=&#8221;no&#8221; type=&#8221;grid&#8221; angled_section=&#8221;no&#8221; text_align=&#8221;left&#8221; background_image_as_pattern=&#8221;without_pattern&#8221; z_index=&#8221;&#8221; css=&#8221;.vc_custom_1548224333758{margin-top: 55px !important;}&#8221;][vc_column css_animation=&#8221;slideInLeft&#8221; width=&#8221;1\/2&#8243;][vc_single_image image=&#8221;15539&#8243; img_size=&#8221;full&#8221; alignment=&#8221;center&#8221; qode_css_animation=&#8221;&#8221;][vc_empty_space height=&#8221;19px&#8221;][vc_raw_html]JTNDZGl2JTIwY2xhc3MlM0QlMjJ0aXRyZSUyMiUzRSUzQ2gyJTNFJTNDc3BhbiUzRVdFTENPTUUlMjBUTyUyMFRIRSUyMEFNSVJBTCUyMEZPTkRBUlklMjBIT1RFTCUzQyUyRnNwYW4lM0UlM0MlMkZoMiUzRSUzQyUyRmRpdiUzRQ==[\/vc_raw_html][vc_empty_space height=&#8221;19px&#8221;][vc_column_text]Located in the heart of the 15th arrondissement of Paris, the hotel enjoys a privileged location: 15 minutes walk from the <strong>Eiffel Tower<\/strong>, Invalides, Beaugrenelle shopping center (Marks &amp; Spencer, cinema Path\u00e9 10 rooms, Fnac, many restaurants &#8230;), and 10 minutes by metro from Montparnasse train station &#8230; <strong>Culture, leisure and shopping are just a step away!<\/strong><\/p>\n<p><strong>24 hours a day<\/strong>, the Amiral Fondary team is at your service.<\/p>\n<p>Enjoy a <strong>continental breakfast<\/strong> every morning on the patio, weather permitting.[\/vc_column_text][\/vc_column][vc_column css_animation=&#8221;slideInRight&#8221; width=&#8221;1\/2&#8243;][vc_single_image image=&#8221;15567&#8243; img_size=&#8221;full&#8221; qode_css_animation=&#8221;&#8221; el_class=&#8221;bordure-img&#8221;][\/vc_column][\/vc_row][vc_row css_animation=&#8221;&#8221; row_type=&#8221;row&#8221; use_row_as_full_screen_section=&#8221;no&#8221; type=&#8221;full_width&#8221; angled_section=&#8221;no&#8221; text_align=&#8221;left&#8221; background_image_as_pattern=&#8221;without_pattern&#8221; css=&#8221;.vc_custom_1549436030933{margin-top: 55px !important;padding-top: 200px !important;padding-bottom: 200px !important;background-image: url(http:\/\/www.hotelamiralfondary.com\/wp-content\/uploads\/2019\/01\/paris-beaugrenelle.jpg?id=15573) !important;}&#8221; z_index=&#8221;&#8221;][vc_column][\/vc_column][\/vc_row][vc_row css_animation=&#8221;&#8221; row_type=&#8221;row&#8221; use_row_as_full_screen_section=&#8221;no&#8221; type=&#8221;grid&#8221; angled_section=&#8221;no&#8221; text_align=&#8221;center&#8221; background_image_as_pattern=&#8221;without_pattern&#8221; z_index=&#8221;&#8221; css=&#8221;.vc_custom_1548222969376{padding-top: 76px !important;padding-bottom: 48px !important;}&#8221;][vc_column][vc_single_image image=&#8221;15539&#8243; img_size=&#8221;full&#8221; alignment=&#8221;center&#8221; qode_css_animation=&#8221;&#8221;][vc_empty_space height=&#8221;19px&#8221;][vc_column_text]<\/p>\n<h2 style=\"text-align: center;\">The rooms of Amiral Fondary<\/h2>\n<p>[\/vc_column_text][\/vc_column][\/vc_row][vc_row css_animation=&#8221;&#8221; row_type=&#8221;row&#8221; use_row_as_full_screen_section=&#8221;no&#8221; type=&#8221;grid&#8221; angled_section=&#8221;no&#8221; text_align=&#8221;center&#8221; background_image_as_pattern=&#8221;without_pattern&#8221; z_index=&#8221;&#8221; css=&#8221;.vc_custom_1520870085389{padding-bottom: 110px !important;}&#8221;][vc_column css_animation=&#8221;slideInUp&#8221; css=&#8221;.vc_custom_1548222376472{padding-right: 10px !important;padding-bottom: 10px !important;padding-left: 10px !important;}&#8221; offset=&#8221;vc_col-md-4&#8243;][qode_elements_holder number_of_columns=&#8221;one_column&#8221;][qode_elements_holder_item background_color=&#8221;#ffffff&#8221; item_padding=&#8221;15px&#8221; advanced_animations=&#8221;no&#8221; custom_class=&#8221;eh-with-shadow&#8221;][vc_raw_html]JTNDZGl2JTIwY2xhc3MlM0QlMjJ0aXRyZSUyMiUzRSUzQ2gyJTNFJTNDc3BhbiUzRUNsYXNzaWMlM0MlMkZzcGFuJTNFJTNDJTJGaDIlM0UlM0MlMkZkaXYlM0U=[\/vc_raw_html][vc_single_image image=&#8221;15554&#8243; img_size=&#8221;full&#8221; alignment=&#8221;center&#8221; qode_css_animation=&#8221;&#8221;][vc_empty_space height=&#8221;37px&#8221;][vc_column_text]<\/p>\n<h3>2 people<\/h3>\n<p>[\/vc_column_text][vc_separator type=&#8221;small&#8221; position=&#8221;center&#8221; color=&#8221;#c29a44&#8243; thickness=&#8221;3&#8243; width=&#8221;36&#8243; up=&#8221;15&#8243; down=&#8221;20&#8243;][vc_column_text]<a  itemprop=\"url\" href=\"http:\/\/www.hotelamiralfondary.com\/en\/rooms-hotel-amiral-fondary-paris\/\" target=\"_self\" data-hover-background-color=#ffffff data-hover-border-color=#baa878 data-hover-color=#202020 class=\"qbutton  small center default\" style=\"color: #ffffff; border-color: #baa878; background-color: #202020;\">More info<\/a><\/p>\n<p><a  itemprop=\"url\" href=\"https:\/\/www.secure-direct-hotel-booking.com\/module_booking_engine\/index.php?id_etab=85e0477f10bf2c57b525435210807820&amp;langue=anglais\" target=\"_blank\"  class=\"qbutton  small center default\" style=\"\">BOOK NOW<i class=\"qode_icon_font_awesome fa fa-calendar qode_button_icon_element\" style=\"\" ><\/i><\/a>[\/vc_column_text][vc_empty_space height=&#8221;23px&#8221;][\/qode_elements_holder_item][\/qode_elements_holder][\/vc_column][vc_column css_animation=&#8221;slideInUp&#8221; css=&#8221;.vc_custom_1548222384104{padding-right: 10px !important;padding-bottom: 10px !important;padding-left: 10px !important;}&#8221; offset=&#8221;vc_col-md-4&#8243;][qode_elements_holder number_of_columns=&#8221;one_column&#8221;][qode_elements_holder_item background_color=&#8221;#ffffff&#8221; item_padding=&#8221;15px&#8221; advanced_animations=&#8221;no&#8221; custom_class=&#8221;eh-with-shadow&#8221;][vc_raw_html]JTNDZGl2JTIwY2xhc3MlM0QlMjJ0aXRyZSUyMiUzRSUzQ2gyJTNFJTNDc3BhbiUzRVN1cGVyaW9yJTNDJTJGc3BhbiUzRSUzQyUyRmgyJTNFJTNDJTJGZGl2JTNF[\/vc_raw_html][vc_single_image image=&#8221;15552&#8243; img_size=&#8221;full&#8221; alignment=&#8221;center&#8221; qode_css_animation=&#8221;&#8221;][vc_empty_space height=&#8221;37px&#8221;][vc_column_text]<\/p>\n<h3>2 people<\/h3>\n<p>[\/vc_column_text][vc_separator type=&#8221;small&#8221; position=&#8221;center&#8221; color=&#8221;#c29a44&#8243; thickness=&#8221;3&#8243; width=&#8221;36&#8243; up=&#8221;15&#8243; down=&#8221;20&#8243;][vc_column_text]<a  itemprop=\"url\" href=\"http:\/\/www.hotelamiralfondary.com\/en\/rooms-hotel-amiral-fondary-paris\/\" target=\"_self\" data-hover-background-color=#ffffff data-hover-border-color=#baa878 data-hover-color=#202020 class=\"qbutton  small center default\" style=\"color: #ffffff; border-color: #baa878; background-color: #202020;\">More info<\/a><\/p>\n<p><a  itemprop=\"url\" href=\"https:\/\/www.secure-direct-hotel-booking.com\/module_booking_engine\/index.php?id_etab=85e0477f10bf2c57b525435210807820&amp;langue=anglais\" target=\"_blank\"  class=\"qbutton  small center default\" style=\"\">BOOK NOW<i class=\"qode_icon_font_awesome fa fa-calendar qode_button_icon_element\" style=\"\" ><\/i><\/a>[\/vc_column_text][vc_empty_space height=&#8221;23px&#8221;][\/qode_elements_holder_item][\/qode_elements_holder][\/vc_column][vc_column css_animation=&#8221;slideInUp&#8221; css=&#8221;.vc_custom_1548222390501{padding-right: 10px !important;padding-bottom: 10px !important;padding-left: 10px !important;}&#8221; offset=&#8221;vc_col-md-4&#8243;][qode_elements_holder number_of_columns=&#8221;one_column&#8221;][qode_elements_holder_item background_color=&#8221;#ffffff&#8221; item_padding=&#8221;15px&#8221; advanced_animations=&#8221;no&#8221; custom_class=&#8221;eh-with-shadow&#8221;][vc_raw_html]JTNDZGl2JTIwY2xhc3MlM0QlMjJ0aXRyZSUyMiUzRSUzQ2gyJTNFJTNDc3BhbiUzRVR3aW4lM0MlMkZzcGFuJTNFJTNDJTJGaDIlM0UlM0MlMkZkaXYlM0U=[\/vc_raw_html][vc_single_image image=&#8221;15550&#8243; img_size=&#8221;full&#8221; alignment=&#8221;center&#8221; qode_css_animation=&#8221;&#8221;][vc_empty_space height=&#8221;37px&#8221;][vc_column_text]<\/p>\n<h3>2 people<\/h3>\n<p>[\/vc_column_text][vc_separator type=&#8221;small&#8221; position=&#8221;center&#8221; color=&#8221;#c29a44&#8243; thickness=&#8221;3&#8243; width=&#8221;36&#8243; up=&#8221;15&#8243; down=&#8221;20&#8243;][vc_column_text]<a  itemprop=\"url\" href=\"http:\/\/www.hotelamiralfondary.com\/en\/rooms-hotel-amiral-fondary-paris\/\" target=\"_self\" data-hover-background-color=#ffffff data-hover-border-color=#baa878 data-hover-color=#202020 class=\"qbutton  small center default\" style=\"color: #ffffff; border-color: #baa878; background-color: #202020;\">More info<\/a><\/p>\n<p><a  itemprop=\"url\" href=\"https:\/\/www.secure-direct-hotel-booking.com\/module_booking_engine\/index.php?id_etab=85e0477f10bf2c57b525435210807820&amp;langue=anglais\" target=\"_blank\"  class=\"qbutton  small center default\" style=\"\">BOOK NOW<i class=\"qode_icon_font_awesome fa fa-calendar qode_button_icon_element\" style=\"\" ><\/i><\/a>[\/vc_column_text][vc_empty_space height=&#8221;23px&#8221;][\/qode_elements_holder_item][\/qode_elements_holder][\/vc_column][\/vc_row]<\/p>\n","protected":false},"excerpt":{"rendered":"<p>[vc_row css_animation=&#8221;&#8221; row_type=&#8221;row&#8221; use_row_as_full_screen_section=&#8221;no&#8221; type=&#8221;full_width&#8221; angled_section=&#8221;no&#8221; text_align=&#8221;left&#8221; background_image_as_pattern=&#8221;without_pattern&#8221;][vc_column][rev_slider_vc alias=&#8221;home&#8221;][\/vc_column][\/vc_row][vc_row css_animation=&#8221;&#8221; row_type=&#8221;row&#8221; use_row_as_full_screen_section=&#8221;no&#8221; type=&#8221;grid&#8221; angled_section=&#8221;no&#8221; text_align=&#8221;left&#8221; background_image_as_pattern=&#8221;without_pattern&#8221; z_index=&#8221;&#8221; css=&#8221;.vc_custom_1548224333758{margin-top: 55px !important;}&#8221;][vc_column css_animation=&#8221;slideInLeft&#8221; width=&#8221;1\/2&#8243;][vc_single_image image=&#8221;15539&#8243; img_size=&#8221;full&#8221; alignment=&#8221;center&#8221; qode_css_animation=&#8221;&#8221;][vc_empty_space height=&#8221;19px&#8221;][vc_raw_html]JTNDZGl2JTIwY2xhc3MlM0QlMjJ0aXRyZSUyMiUzRSUzQ2gyJTNFJTNDc3BhbiUzRVdFTENPTUUlMjBUTyUyMFRIRSUyMEFNSVJBTCUyMEZPTkRBUlklMjBIT1RFTCUzQyUyRnNwYW4lM0UlM0MlMkZoMiUzRSUzQyUyRmRpdiUzRQ==[\/vc_raw_html][vc_empty_space height=&#8221;19px&#8221;][vc_column_text]Located in the heart of the 15th arrondissement of Paris, the hotel enjoys a privileged location: 15 minutes&#8230;<\/p>\n","protected":false},"author":1,"featured_media":0,"parent":0,"menu_order":0,"comment_status":"closed","ping_status":"closed","template":"full_width.php","meta":[],"yoast_head":"<!-- This site is optimized with the Yoast SEO plugin v19.9 - https:\/\/yoast.com\/wordpress\/plugins\/seo\/ -->\n<title>Hotel Amiral Fondary - 3 star hotel in Paris15 - Official website<\/title>\n<meta name=\"description\" content=\"Hotel Amiral Fondary is in the heart of the 15th arrondissement of Paris : few minutes from the Eiffel Tower, Invalides, Beaugrenelle and Montparnasse.\" \/>\n<meta name=\"robots\" content=\"index, follow, max-snippet:-1, max-image-preview:large, max-video-preview:-1\" \/>\n<link rel=\"canonical\" href=\"https:\/\/www.hotelamiralfondary.com\/en\/\" \/>\n<meta property=\"og:locale\" content=\"en_US\" \/>\n<meta property=\"og:type\" content=\"article\" \/>\n<meta property=\"og:title\" content=\"Hotel Amiral Fondary - 3 star hotel in Paris15 - Official website\" \/>\n<meta property=\"og:description\" content=\"Hotel Amiral Fondary is in the heart of the 15th arrondissement of Paris : few minutes from the Eiffel Tower, Invalides, Beaugrenelle and Montparnasse.\" \/>\n<meta property=\"og:url\" content=\"https:\/\/www.hotelamiralfondary.com\/en\/\" \/>\n<meta property=\"og:site_name\" content=\"H\u00f4tel Amiral Fondary\" \/>\n<meta property=\"article:modified_time\" content=\"2025-11-10T09:21:53+00:00\" \/>\n<meta name=\"twitter:card\" content=\"summary_large_image\" \/>\n<meta name=\"twitter:label1\" content=\"Est. reading time\" \/>\n\t<meta name=\"twitter:data1\" content=\"2 minutes\" \/>\n<script type=\"application\/ld+json\" class=\"yoast-schema-graph\">{\"@context\":\"https:\/\/schema.org\",\"@graph\":[{\"@type\":\"WebPage\",\"@id\":\"https:\/\/www.hotelamiralfondary.com\/en\/\",\"url\":\"https:\/\/www.hotelamiralfondary.com\/en\/\",\"name\":\"Hotel Amiral Fondary - 3 star hotel in Paris15 - Official website\",\"isPartOf\":{\"@id\":\"https:\/\/www.hotelamiralfondary.com\/#website\"},\"datePublished\":\"2019-01-23T04:44:06+00:00\",\"dateModified\":\"2025-11-10T09:21:53+00:00\",\"description\":\"Hotel Amiral Fondary is in the heart of the 15th arrondissement of Paris : few minutes from the Eiffel Tower, Invalides, Beaugrenelle and Montparnasse.\",\"breadcrumb\":{\"@id\":\"https:\/\/www.hotelamiralfondary.com\/en\/#breadcrumb\"},\"inLanguage\":\"en-US\",\"potentialAction\":[{\"@type\":\"ReadAction\",\"target\":[\"https:\/\/www.hotelamiralfondary.com\/en\/\"]}]},{\"@type\":\"BreadcrumbList\",\"@id\":\"https:\/\/www.hotelamiralfondary.com\/en\/#breadcrumb\",\"itemListElement\":[{\"@type\":\"ListItem\",\"position\":1,\"name\":\"Accueil\",\"item\":\"https:\/\/www.hotelamiralfondary.com\/en\/\"},{\"@type\":\"ListItem\",\"position\":2,\"name\":\"Home\"}]},{\"@type\":\"WebSite\",\"@id\":\"https:\/\/www.hotelamiralfondary.com\/#website\",\"url\":\"https:\/\/www.hotelamiralfondary.com\/\",\"name\":\"H\u00f4tel Amiral Fondary\",\"description\":\"H\u00f4tel 3 \u00e9toiles \u00e0 5 minutes de la Tour Eiffel\",\"publisher\":{\"@id\":\"https:\/\/www.hotelamiralfondary.com\/#organization\"},\"potentialAction\":[{\"@type\":\"SearchAction\",\"target\":{\"@type\":\"EntryPoint\",\"urlTemplate\":\"https:\/\/www.hotelamiralfondary.com\/?s={search_term_string}\"},\"query-input\":\"required name=search_term_string\"}],\"inLanguage\":\"en-US\"},{\"@type\":\"Organization\",\"@id\":\"https:\/\/www.hotelamiralfondary.com\/#organization\",\"name\":\"H\u00f4tel Amiral Fondary\",\"url\":\"https:\/\/www.hotelamiralfondary.com\/\",\"logo\":{\"@type\":\"ImageObject\",\"inLanguage\":\"en-US\",\"@id\":\"https:\/\/www.hotelamiralfondary.com\/#\/schema\/logo\/image\/\",\"url\":\"https:\/\/www.hotelamiralfondary.com\/wp-content\/uploads\/2019\/02\/logo-hotel-amiral-fondary-paris-15.png\",\"contentUrl\":\"https:\/\/www.hotelamiralfondary.com\/wp-content\/uploads\/2019\/02\/logo-hotel-amiral-fondary-paris-15.png\",\"width\":190,\"height\":70,\"caption\":\"H\u00f4tel Amiral Fondary\"},\"image\":{\"@id\":\"https:\/\/www.hotelamiralfondary.com\/#\/schema\/logo\/image\/\"},\"sameAs\":[\"https:\/\/www.instagram.com\/hotelamiralfondaryparis\/?hl=fr\"]}]}<\/script>\n<!-- \/ Yoast SEO plugin. -->","yoast_head_json":{"title":"Hotel Amiral Fondary - 3 star hotel in Paris15 - Official website","description":"Hotel Amiral Fondary is in the heart of the 15th arrondissement of Paris : few minutes from the Eiffel Tower, Invalides, Beaugrenelle and Montparnasse.","robots":{"index":"index","follow":"follow","max-snippet":"max-snippet:-1","max-image-preview":"max-image-preview:large","max-video-preview":"max-video-preview:-1"},"canonical":"https:\/\/www.hotelamiralfondary.com\/en\/","og_locale":"en_US","og_type":"article","og_title":"Hotel Amiral Fondary - 3 star hotel in Paris15 - Official website","og_description":"Hotel Amiral Fondary is in the heart of the 15th arrondissement of Paris : few minutes from the Eiffel Tower, Invalides, Beaugrenelle and Montparnasse.","og_url":"https:\/\/www.hotelamiralfondary.com\/en\/","og_site_name":"H\u00f4tel Amiral Fondary","article_modified_time":"2025-11-10T09:21:53+00:00","twitter_card":"summary_large_image","twitter_misc":{"Est. reading time":"2 minutes"},"schema":{"@context":"https:\/\/schema.org","@graph":[{"@type":"WebPage","@id":"https:\/\/www.hotelamiralfondary.com\/en\/","url":"https:\/\/www.hotelamiralfondary.com\/en\/","name":"Hotel Amiral Fondary - 3 star hotel in Paris15 - Official website","isPartOf":{"@id":"https:\/\/www.hotelamiralfondary.com\/#website"},"datePublished":"2019-01-23T04:44:06+00:00","dateModified":"2025-11-10T09:21:53+00:00","description":"Hotel Amiral Fondary is in the heart of the 15th arrondissement of Paris : few minutes from the Eiffel Tower, Invalides, Beaugrenelle and Montparnasse.","breadcrumb":{"@id":"https:\/\/www.hotelamiralfondary.com\/en\/#breadcrumb"},"inLanguage":"en-US","potentialAction":[{"@type":"ReadAction","target":["https:\/\/www.hotelamiralfondary.com\/en\/"]}]},{"@type":"BreadcrumbList","@id":"https:\/\/www.hotelamiralfondary.com\/en\/#breadcrumb","itemListElement":[{"@type":"ListItem","position":1,"name":"Accueil","item":"https:\/\/www.hotelamiralfondary.com\/en\/"},{"@type":"ListItem","position":2,"name":"Home"}]},{"@type":"WebSite","@id":"https:\/\/www.hotelamiralfondary.com\/#website","url":"https:\/\/www.hotelamiralfondary.com\/","name":"H\u00f4tel Amiral Fondary","description":"H\u00f4tel 3 \u00e9toiles \u00e0 5 minutes de la Tour Eiffel","publisher":{"@id":"https:\/\/www.hotelamiralfondary.com\/#organization"},"potentialAction":[{"@type":"SearchAction","target":{"@type":"EntryPoint","urlTemplate":"https:\/\/www.hotelamiralfondary.com\/?s={search_term_string}"},"query-input":"required name=search_term_string"}],"inLanguage":"en-US"},{"@type":"Organization","@id":"https:\/\/www.hotelamiralfondary.com\/#organization","name":"H\u00f4tel Amiral Fondary","url":"https:\/\/www.hotelamiralfondary.com\/","logo":{"@type":"ImageObject","inLanguage":"en-US","@id":"https:\/\/www.hotelamiralfondary.com\/#\/schema\/logo\/image\/","url":"https:\/\/www.hotelamiralfondary.com\/wp-content\/uploads\/2019\/02\/logo-hotel-amiral-fondary-paris-15.png","contentUrl":"https:\/\/www.hotelamiralfondary.com\/wp-content\/uploads\/2019\/02\/logo-hotel-amiral-fondary-paris-15.png","width":190,"height":70,"caption":"H\u00f4tel Amiral Fondary"},"image":{"@id":"https:\/\/www.hotelamiralfondary.com\/#\/schema\/logo\/image\/"},"sameAs":["https:\/\/www.instagram.com\/hotelamiralfondaryparis\/?hl=fr"]}]}},"_links":{"self":[{"href":"https:\/\/www.hotelamiralfondary.com\/en\/wp-json\/wp\/v2\/pages\/15871"}],"collection":[{"href":"https:\/\/www.hotelamiralfondary.com\/en\/wp-json\/wp\/v2\/pages"}],"about":[{"href":"https:\/\/www.hotelamiralfondary.com\/en\/wp-json\/wp\/v2\/types\/page"}],"author":[{"embeddable":true,"href":"https:\/\/www.hotelamiralfondary.com\/en\/wp-json\/wp\/v2\/users\/1"}],"replies":[{"embeddable":true,"href":"https:\/\/www.hotelamiralfondary.com\/en\/wp-json\/wp\/v2\/comments?post=15871"}],"version-history":[{"count":12,"href":"https:\/\/www.hotelamiralfondary.com\/en\/wp-json\/wp\/v2\/pages\/15871\/revisions"}],"predecessor-version":[{"id":16559,"href":"https:\/\/www.hotelamiralfondary.com\/en\/wp-json\/wp\/v2\/pages\/15871\/revisions\/16559"}],"wp:attachment":[{"href":"https:\/\/www.hotelamiralfondary.com\/en\/wp-json\/wp\/v2\/media?parent=15871"}],"curies":[{"name":"wp","href":"https:\/\/api.w.org\/{rel}","templated":true}]}}